{"id":30,"date":"2020-01-16T13:28:10","date_gmt":"2020-01-16T13:28:10","guid":{"rendered":"https:\/\/displeye.com\/?page_id=30"},"modified":"2022-03-10T15:11:13","modified_gmt":"2022-03-10T14:11:13","slug":"the-new-umoma-opens-its-doors-2","status":"publish","type":"page","link":"https:\/\/displeye.com\/it\/","title":{"rendered":"Home"},"content":{"rendered":"<p>[vc_section full_width=\"stretch_row\" el_class=\"idercnt\"]<section><div class=\"wpb_column hcode-column-container vc_col-sm-12 col-xs-mobile-fullwidth\" data-front-class=\"col-xs-mobile-fullwidth\"><div class=\"vc-column-innner-wrapper\">\n\t\t\t<!-- START Home2 REVOLUTION SLIDER 6.5.5 --><p class=\"rs-p-wp-fix\"><\/p>\n\t\t\t<rs-module-wrap id=\"rev_slider_1_1_wrapper\" data-source=\"gallery\" style=\"visibility:hidden;background:transparent;padding:0;margin:0px auto;margin-top:0;margin-bottom:0;\">\n\t\t\t\t<rs-module id=\"rev_slider_1_1\" style=\"\" data-version=\"6.5.5\">\n\t\t\t\t\t<rs-slides>\n\t\t\t\t\t\t<rs-slide style=\"position: absolute;\" data-key=\"rs-1\" data-title=\"Slide\" data-in=\"o:0;\" data-out=\"a:false;\">\n\t\t\t\t\t\t\t<img src=\"\/\/displeye.com\/it\/wp-content\/plugins\/revslider\/public\/assets\/assets\/dummy.png\" alt=\"Slide\" title=\"Home\" class=\"rev-slidebg tp-rs-img rs-lazyload\" data-lazyload=\"\/\/displeye.com\/it\/wp-content\/plugins\/revslider\/public\/assets\/assets\/transparent.png\" data-no-retina>\n<!--\n\t\t\t\t\t\t\t--><rs-layer\n\t\t\t\t\t\t\t\tid=\"slider-1-slide-1-layer-1\" \n\t\t\t\t\t\t\t\tclass=\"rs-noevents rs-layer-video intrinsic-ignore\"\n\t\t\t\t\t\t\t\tdata-type=\"video\"\n\t\t\t\t\t\t\t\tdata-rsp_ch=\"on\"\n\t\t\t\t\t\t\t\tdata-xy=\"x:c;y:m;\"\n\t\t\t\t\t\t\t\tdata-text=\"w:normal;s:20,10,7,4;l:0,13,9,6;\"\n\t\t\t\t\t\t\t\tdata-dim=\"w:100%;h:auto,auto,auto,100%;\"\n\t\t\t\t\t\t\t\tdata-basealign=\"slide\"\n\t\t\t\t\t\t\t\tdata-video=\"vfc:true;vd:100;l:false;ptimer:false;nse:f;\"\n\t\t\t\t\t\t\t\tdata-mp4=\"\/\/displeye.com\/it\/wp-content\/uploads\/sites\/2\/2020\/10\/Slide_A.mp4\"\n\t\t\t\t\t\t\t\tdata-frame_999=\"o:0;st:w;sR:8700;\"\n\t\t\t\t\t\t\t\tstyle=\"z-index:5;\"\n\t\t\t\t\t\t\t>\n\t\t\t\t\t\t\t<\/rs-layer><!--\n\n\t\t\t\t\t\t\t--><rs-layer\n\t\t\t\t\t\t\t\tid=\"slider-1-slide-1-layer-2\" \n\t\t\t\t\t\t\t\tdata-type=\"text\"\n\t\t\t\t\t\t\t\tdata-rsp_ch=\"on\"\n\t\t\t\t\t\t\t\tdata-xy=\"x:c;xo:-288px,-270px,-206px,-107px;y:m;yo:0,-33px,-61px,-99px;\"\n\t\t\t\t\t\t\t\tdata-text=\"w:normal;s:147,78,76,75;l:132,70,68,67;fw:700;\"\n\t\t\t\t\t\t\t\tdata-frame_0=\"x:0%;y:0%;rZ:-20deg;\"\n\t\t\t\t\t\t\t\tdata-frame_1=\"rZ:-10deg;st:430;sp:460;sR:430;\"\n\t\t\t\t\t\t\t\tdata-frame_999=\"o:0;st:w;sR:8110;\"\n\t\t\t\t\t\t\t\tstyle=\"z-index:6;font-family:'Dosis';text-transform:uppercase;\"\n\t\t\t\t\t\t\t>What<br \/>\nthe...<br \/>\nsign! \n\t\t\t\t\t\t\t<\/rs-layer><!--\n-->\t\t\t\t\t\t<\/rs-slide>\n\t\t\t\t\t\t<rs-slide style=\"position: absolute;\" data-key=\"rs-2\" data-title=\"Slide\" data-in=\"o:0;\" data-out=\"a:false;\">\n\t\t\t\t\t\t\t<img src=\"\/\/displeye.com\/it\/wp-content\/plugins\/revslider\/public\/assets\/assets\/dummy.png\" alt=\"Slide\" title=\"Home\" class=\"rev-slidebg tp-rs-img rs-lazyload\" data-lazyload=\"\/\/displeye.com\/it\/wp-content\/plugins\/revslider\/public\/assets\/assets\/transparent.png\" data-no-retina>\n<!--\n\t\t\t\t\t\t\t--><rs-layer\n\t\t\t\t\t\t\t\tid=\"slider-1-slide-2-layer-1\" \n\t\t\t\t\t\t\t\tclass=\"rs-layer-video intrinsic-ignore\"\n\t\t\t\t\t\t\t\tdata-type=\"video\"\n\t\t\t\t\t\t\t\tdata-rsp_ch=\"on\"\n\t\t\t\t\t\t\t\tdata-xy=\"x:c;y:m;\"\n\t\t\t\t\t\t\t\tdata-text=\"w:normal;s:20,10,7,4;l:0,13,9,6;\"\n\t\t\t\t\t\t\t\tdata-dim=\"w:100%;h:100%;\"\n\t\t\t\t\t\t\t\tdata-basealign=\"slide\"\n\t\t\t\t\t\t\t\tdata-video=\"vfc:true;vd:100;l:false;ptimer:false;nse:f;\"\n\t\t\t\t\t\t\t\tdata-mp4=\"\/\/displeye.com\/it\/wp-content\/uploads\/sites\/2\/2020\/10\/Slide_B.mp4\"\n\t\t\t\t\t\t\t\tdata-frame_999=\"o:0;st:w;sR:8700;\"\n\t\t\t\t\t\t\t\tstyle=\"z-index:8;\"\n\t\t\t\t\t\t\t>\n\t\t\t\t\t\t\t<\/rs-layer><!--\n\n\t\t\t\t\t\t\t--><rs-layer\n\t\t\t\t\t\t\t\tid=\"slider-1-slide-2-layer-3\" \n\t\t\t\t\t\t\t\tdata-type=\"text\"\n\t\t\t\t\t\t\t\tdata-rsp_ch=\"on\"\n\t\t\t\t\t\t\t\tdata-xy=\"x:c;xo:-449px,-239px,-164px,-94px;y:m;yo:0,0,-225px,-114px;\"\n\t\t\t\t\t\t\t\tdata-text=\"w:normal;s:120,64,86,62;l:110,58,79,58;fw:700;\"\n\t\t\t\t\t\t\t\tdata-frame_0=\"rZ:-6deg;\"\n\t\t\t\t\t\t\t\tdata-frame_1=\"rZ:-2deg;st:440;sp:460;sR:440;\"\n\t\t\t\t\t\t\t\tdata-frame_999=\"o:0;st:w;sR:8100;\"\n\t\t\t\t\t\t\t\tstyle=\"z-index:9;font-family:'Quicksand';text-transform:uppercase;\"\n\t\t\t\t\t\t\t>Never <br \/>\nseen<br \/>\nbefore \n\t\t\t\t\t\t\t<\/rs-layer><!--\n-->\t\t\t\t\t\t<\/rs-slide>\n\t\t\t\t\t<\/rs-slides>\n\t\t\t\t<\/rs-module>\n\t\t\t\t<script type=\"text\/javascript\">\n\t\t\t\t\tsetREVStartSize({c: 'rev_slider_1_1',rl:[1240,1024,778,480],el:[600,400,400,480],gw:[1920,1024,778,480],gh:[600,400,400,480],type:'standard',justify:'',layout:'fullwidth',mh:\"0\"});if (window.RS_MODULES!==undefined && window.RS_MODULES.modules!==undefined && window.RS_MODULES.modules[\"revslider11\"]!==undefined) {window.RS_MODULES.modules[\"revslider11\"].once = false;window.revapi1 = undefined;window.RS_MODULES.checkMinimal()}\n\t\t\t\t<\/script>\n\t\t\t<\/rs-module-wrap>\n\t\t\t<!-- END REVOLUTION SLIDER -->\n<\/div><\/div><\/section>[\/vc_section]<section class=\" vc_custom_1605707549700\"><div class=\"container\"><div class=\"row\"><div class=\"wpb_column hcode-column-container text-center sm-text-center xs-text-center vc_col-sm-12 col-xs-mobile-fullwidth\" data-front-class=\"text-center sm-text-center xs-text-center col-xs-mobile-fullwidth\"><div class=\"vc-column-innner-wrapper\">[vc_custom_heading text=\"Noi siamo\" font_container=\"tag:h1|text_align:center\" use_theme_fonts=\"yes\" el_class=\"slidetoleft\"][vc_custom_heading text=\"``contentmakers``\" font_container=\"tag:h1|text_align:center\" use_theme_fonts=\"yes\" el_class=\"slidetoleft bolder secondhalf inyellow\"]<\/div><\/div><\/div><\/div><\/section><section class=\" vc_custom_1605707530928\"><div class=\"container\"><div class=\"row\"><div class=\"wpb_column hcode-column-container vc_col-sm-12 col-xs-mobile-fullwidth\" data-front-class=\"col-xs-mobile-fullwidth\"><div class=\"vc-column-innner-wrapper\"><p>Il contenuto conta ancora molto! Noi lo pensiamo e lavoriamo per questo. Siamo specializzati in comunicazione e creazione di contenuti commerciali, nella realizzazione di visual d'effetto e nell'interazione con i clienti. Lavoriamo per rendere gli utenti interessati al tuo marchio e fidelizzarli nel tempo. Come in tutte le relazioni, bisogna essere innovativi per darne il via. Noi siamo innovativi. Manteniamo viva la relazione tra il tuo marchio e i tuoi clienti.<\/p>\n<\/div><\/div><\/div><\/div><\/section><section class=\"separone  vc_custom_1605707839448\"><div class=\"container\"><div class=\"row\"><div class=\"wpb_column hcode-column-container  vc_custom_1605707849179 vc_col-sm-12 col-xs-mobile-fullwidth\" data-front-class=\" vc_custom_1605707849179 col-xs-mobile-fullwidth\"><div class=\"vc-column-innner-wrapper\">[vc_separator color=\"custom\" border_width=\"2\" accent_color=\"#fdc300\"]<\/div><\/div><\/div><\/div><\/section><section><div class=\"container\"><div class=\"row\"><div class=\"wpb_column hcode-column-container vc_col-sm-4 col-xs-mobile-fullwidth\" data-front-class=\"col-xs-mobile-fullwidth\"><div class=\"vc-column-innner-wrapper\">[vc_custom_heading text=\"Visual marketing\" use_theme_fonts=\"yes\"][vc_separator color=\"custom\" border_width=\"5\" el_width=\"10\" accent_color=\"#fdc300\"]<p>Rendi la tua comunicazione pi\u00f9 visibile, pi\u00f9 accattivante per il pubblico. Sui social media, sui siti web, dentro e fuori i punti vendita. Coinvolgi il tuo pubblico. Trasforma, realizza e consolida la tua brand awareness.<\/p>\n[vc_empty_space height=\"62px\" el_class=\"reducemeonvertical\"][vc_single_image image=\"530\" img_size=\"full\" alignment=\"center\"]<\/div><\/div><div class=\"wpb_column hcode-column-container vc_col-sm-4 col-xs-mobile-fullwidth\" data-front-class=\"col-xs-mobile-fullwidth\"><div class=\"vc-column-innner-wrapper\">[vc_custom_heading text=\"Digital Signage\" use_theme_fonts=\"yes\"][vc_separator color=\"custom\" border_width=\"5\" el_width=\"10\" accent_color=\"#fdc300\"]<p>Usa lo schermo pi\u00f9 spesso e al meglio che puoi! Il Digital Signage trasmette informazioni al pubblico e ai clienti in negozio. Utilizza qualsiasi tipo di schermo per visualizzare video e grafica che coinvolgono e informano il tuo pubblico, i tuoi clienti.<\/p>\n[vc_empty_space][vc_single_image image=\"529\" img_size=\"full\" alignment=\"center\"]<\/div><\/div><div class=\"wpb_column hcode-column-container vc_col-sm-4 col-xs-mobile-fullwidth\" data-front-class=\"col-xs-mobile-fullwidth\"><div class=\"vc-column-innner-wrapper\">[vc_custom_heading text=\"Interazione con i clienti\" use_theme_fonts=\"yes\"][vc_separator color=\"custom\" border_width=\"5\" el_width=\"10\" accent_color=\"#fdc300\"]<p>I clienti hanno esigenze specifiche per la loro comunicazione con le aziende e per questo motivo le aziende hanno bisogno di comunicare correttamente. Ogni volta che il tuo cliente ti cerca, cerca da te affidabilit\u00e0, empatia, reattivit\u00e0.<\/p>\n[vc_empty_space][vc_single_image image=\"531\" img_size=\"full\" alignment=\"center\"]<\/div><\/div><\/div><\/div><\/section><section class=\"separone\"><div class=\"container\"><div class=\"row\"><div class=\"wpb_column hcode-column-container vc_col-sm-12 col-xs-mobile-fullwidth\" data-front-class=\"col-xs-mobile-fullwidth\"><div class=\"vc-column-innner-wrapper\">[vc_separator color=\"custom\" border_width=\"2\" accent_color=\"#fdc300\"]<\/div><\/div><\/div><\/div><\/section><section class=\" vc_custom_1605706740098\"><div class=\"container\"><div class=\"row\"><div class=\"wpb_column hcode-column-container text-center sm-text-center xs-text-center vc_col-sm-12 col-xs-mobile-fullwidth\" data-front-class=\"text-center sm-text-center xs-text-center col-xs-mobile-fullwidth\"><div class=\"vc-column-innner-wrapper\">[vc_custom_heading text=\"Pionieri dei monitor\" font_container=\"tag:h1|text_align:center\" use_theme_fonts=\"yes\" el_class=\"slidetoleft\"][vc_custom_heading text=\"siamo con voi\" font_container=\"tag:h1|text_align:center\" use_theme_fonts=\"yes\" el_class=\"slidetoleft bolder secondhalf inyellow\"]<\/div><\/div><\/div><\/div><\/section><section class=\" vc_custom_1605707001345\"><div class=\"container\"><div class=\"row\"><div class=\"wpb_column hcode-column-container vc_col-sm-12 col-xs-mobile-fullwidth\" data-front-class=\"col-xs-mobile-fullwidth\"><div class=\"vc-column-innner-wrapper\"><div class=\"hcode-inner-row\"><div class=\"wpb_column hcode-column-container vc_col-sm-12 col-xs-mobile-fullwidth\" data-front-class=\"col-xs-mobile-fullwidth\"><div class=\"vc-column-innner-wrapper\"><p>Non \u00e8 una impossibile installare un monitor in una buona posizione visibile da tutti i tuoi clienti. In vetrina, all'ingresso, alla cassa, sulle pareti laterali... l'importante \u00e8 un'installazione sicura!<\/p>\n<p>Evita i cavi volanti, usa un supporto TV stabile e scegli di impostare in verticale se puoi. Il tuo monitor sembrer\u00e0 pi\u00f9 grande di quanto in realt\u00e0 no lo sia e avrai pi\u00f9 spazio per messaggi accattivanti... e ovviamente i messaggi migliori che puoi mostrare sono i nostri! <a href=\"\/it\/piani\">Showttoscrivi ora<\/a>!<\/p>\n[vc_single_image image=\"532\" img_size=\"full\" alignment=\"center\" el_class=\"limit500\"]<\/div><\/div><\/div><\/div><\/div><\/div><\/div><\/section><section><div class=\"container\"><div class=\"row\"><div class=\"wpb_column hcode-column-container  col-xs-mobile-fullwidth\" data-front-class=\"col-xs-mobile-fullwidth front-column-class\"><div class=\"vc-column-innner-wrapper\"><p><!-- \/wp:heading --><\/p>\n<\/div><\/div><\/div><\/div><\/section>\r\n","protected":false},"excerpt":{"rendered":"<p>[vc_section full_width=&#8221;stretch_row&#8221; el_class=&#8221;idercnt&#8221;] What the&#8230; sign! Never seen before [\/vc_section][vc_custom_heading text=&#8221;Noi siamo&#8221; font_container=&#8221;tag:h1|text_align:center&#8221; use_theme_fonts=&#8221;yes&#8221; el_class=&#8221;slidetoleft&#8221;][vc_custom_heading text=&#8221;&#8220;contentmakers&#8220;&#8221; font_container=&#8221;tag:h1|text_align:center&#8221; use_theme_fonts=&#8221;yes&#8221; el_class=&#8221;slidetoleft bolder secondhalf inyellow&#8221;]Il contenuto conta ancora molto! Noi lo pensiamo e lavoriamo per questo. Siamo specializzati in comunicazione e creazione di contenuti commerciali, nella realizzazione di visual d&#8217;effetto e nell&#8217;interazione con i clienti. Lavoriamo per rendere [&hellip;]<\/p>\n","protected":false},"author":1,"featured_media":0,"parent":0,"menu_order":0,"comment_status":"closed","ping_status":"closed","template":"","meta":{"pmpro_default_level":0},"_links":{"self":[{"href":"https:\/\/displeye.com\/it\/wp-json\/wp\/v2\/pages\/30"}],"collection":[{"href":"https:\/\/displeye.com\/it\/wp-json\/wp\/v2\/pages"}],"about":[{"href":"https:\/\/displeye.com\/it\/wp-json\/wp\/v2\/types\/page"}],"author":[{"embeddable":true,"href":"https:\/\/displeye.com\/it\/wp-json\/wp\/v2\/users\/1"}],"replies":[{"embeddable":true,"href":"https:\/\/displeye.com\/it\/wp-json\/wp\/v2\/comments?post=30"}],"version-history":[{"count":6,"href":"https:\/\/displeye.com\/it\/wp-json\/wp\/v2\/pages\/30\/revisions"}],"predecessor-version":[{"id":533,"href":"https:\/\/displeye.com\/it\/wp-json\/wp\/v2\/pages\/30\/revisions\/533"}],"wp:attachment":[{"href":"https:\/\/displeye.com\/it\/wp-json\/wp\/v2\/media?parent=30"}],"curies":[{"name":"wp","href":"https:\/\/api.w.org\/{rel}","templated":true}]}}